{"id":37912,"date":"2022-10-04T09:21:07","date_gmt":"2022-10-04T00:21:07","guid":{"rendered":"https:\/\/www.panamera-life.com\/?page_id=37912"},"modified":"2025-05-02T17:56:33","modified_gmt":"2025-05-02T08:56:33","slug":"shops","status":"publish","type":"page","link":"https:\/\/www.panamera-life.com\/de\/shops\/","title":{"rendered":"Empfohlene Autoh\u00e4user und Werkst\u00e4tten"},"content":{"rendered":"<p>\u201eWillkommen zu Hause, PORSCHE\u201c stellt Ihnen hier empfohlene Autoh\u00e4user und Werkst\u00e4tten rund ums Auto vor. <div id=\"ez-toc-container\" class=\"ez-toc-v2_0_74 counter-hierarchy ez-toc-counter ez-toc-grey ez-toc-container-direction\">\n<div class=\"ez-toc-title-container\">\n<p class=\"ez-toc-title\" style=\"cursor:inherit\">\u30b3\u30f3\u30c6\u30f3\u30c4<\/p>\n<span class=\"ez-toc-title-toggle\"><\/span><\/div>\n<nav><ul class='ez-toc-list ez-toc-list-level-1 ' ><li class='ez-toc-page-1 ez-toc-heading-level-3'><a class=\"ez-toc-link ez-toc-heading-1\" href=\"https:\/\/www.panamera-life.com\/de\/shops\/#Rokko_Garage_Ankauf_Kommissionsverkauf_und_Auktionsservice\" >Rokko Garage \/ Ankauf, Kommissionsverkauf und Auktionsservice<\/a><\/li><li class='ez-toc-page-1 ez-toc-heading-level-3'><a class=\"ez-toc-link ez-toc-heading-2\" href=\"https:\/\/www.panamera-life.com\/de\/shops\/#Car_Goshi_Goshi_Scheinwerferreparatur_und_Rissentfernung\" >Car Goshi Goshi \/ Scheinwerferreparatur und Rissentfernung<\/a><\/li><li class='ez-toc-page-1 ez-toc-heading-level-3'><a class=\"ez-toc-link ez-toc-heading-3\" href=\"https:\/\/www.panamera-life.com\/de\/shops\/#Nakabayashi_Kogyo_Hersteller_von_Fahrzeugabdeckungen\" >Nakabayashi Kogyo \/ Hersteller von Fahrzeugabdeckungen<\/a><\/li><\/ul><\/nav><\/div>\n<\/p>\n<h3 class=\"style3a\"><span class=\"ez-toc-section\" id=\"Rokko_Garage_Ankauf_Kommissionsverkauf_und_Auktionsservice\"><\/span>Rokko Garage \/ Ankauf, Kommissionsverkauf und Auktionsservice<span class=\"ez-toc-section-end\"><\/span><\/h3>\n<p>Spezialisiert auf den Ankauf von Porsche-Fahrzeugen, Kommissionsverkauf, Auktionsvertretung und Ummeldungen.<span style=\"color: #ff0000;\">Wenn Sie sagen, dass Sie durch den Artikel \u201eWillkommen zu Hause, PORSCHE\u201c auf uns aufmerksam geworden sind, erhalten Sie beim Kauf oder Verkauf exklusive Blog-Sonderkonditionen!<\/span><\/p>\n<blockquote class=\"wp-embedded-content\" data-secret=\"rTE2H2Bzip\"><p><a href=\"https:\/\/www.panamera-life.com\/entry\/rokko_g\/\">\u30dd\u30eb\u30b7\u30a7\u3084BMW\u306a\u3069\u306e\u540d\u8eca\u3092\u6271\u3046\u4e2d\u53e4\u8eca\u8ca9\u58f2\u5e97\u3001\u516d\u7532\u30ac\u30ec\u30fc\u30c2\u306e\u30aa\u30fc\u30ca\u30fc\u306b\u53d6\u6750\u3057\u3066\u307f\u305f\uff01<\/a><\/p><\/blockquote>\n<p><iframe class=\"wp-embedded-content\" sandbox=\"allow-scripts\" security=\"restricted\" style=\"position: absolute; clip: rect(1px, 1px, 1px, 1px);\" title=\"&#8220;\u30dd\u30eb\u30b7\u30a7\u3084BMW\u306a\u3069\u306e\u540d\u8eca\u3092\u6271\u3046\u4e2d\u53e4\u8eca\u8ca9\u58f2\u5e97\u3001\u516d\u7532\u30ac\u30ec\u30fc\u30c2\u306e\u30aa\u30fc\u30ca\u30fc\u306b\u53d6\u6750\u3057\u3066\u307f\u305f\uff01&#8221; &#8212; \u30dd\u30eb\u30b7\u30a7\u304c\u308f\u304c\u5bb6\u306b\u3084\u3063\u3066\u304d\u305f - \u30aa\u30fc\u30ca\u30fc\u30ba\u30d6\u30ed\u30b0\" src=\"https:\/\/www.panamera-life.com\/entry\/rokko_g\/embed\/#?secret=uSItGCvGFF#?secret=rTE2H2Bzip\" data-secret=\"rTE2H2Bzip\" width=\"500\" height=\"282\" frameborder=\"0\" marginwidth=\"0\" marginheight=\"0\" scrolling=\"no\"><\/iframe><\/p>\n<h3 class=\"style3a\"><span class=\"ez-toc-section\" id=\"Car_Goshi_Goshi_Scheinwerferreparatur_und_Rissentfernung\"><\/span>Car Goshi Goshi \/ Scheinwerferreparatur und Rissentfernung<span class=\"ez-toc-section-end\"><\/span><\/h3>\n<p>Fachbetrieb f\u00fcr die professionelle Reparatur von Kratzern, Vergilbungen und Rissen an Scheinwerfern \u2013 f\u00fcr ein makelloses Porsche Fahrerlebnis.<\/p>\n<blockquote class=\"wp-embedded-content\" data-secret=\"VH1JBfhRaQ\"><p><a href=\"https:\/\/www.panamera-life.com\/entry\/car-goshi-goshi\/\">\u300c\u3069\u3093\u306a\u30d8\u30c3\u30c9\u30e9\u30a4\u30c8\u306e\u30af\u30e9\u30c3\u30af\u3082\u3001\u7d76\u5bfe\u306b\u76f4\u3059\u300d\u30d8\u30c3\u30c9\u30e9\u30a4\u30c8\u30ea\u30da\u30a2\u5c02\u9580\u5e97\u3001\u30ab\u30fc\u30b4\u30b7\u30b4\u30b7\u306b\u30a4\u30f3\u30bf\u30d3\u30e5\u30fc<\/a><\/p><\/blockquote>\n<p><iframe class=\"wp-embedded-content\" sandbox=\"allow-scripts\" security=\"restricted\" style=\"position: absolute; clip: rect(1px, 1px, 1px, 1px);\" title=\"&#8220;\u300c\u3069\u3093\u306a\u30d8\u30c3\u30c9\u30e9\u30a4\u30c8\u306e\u30af\u30e9\u30c3\u30af\u3082\u3001\u7d76\u5bfe\u306b\u76f4\u3059\u300d\u30d8\u30c3\u30c9\u30e9\u30a4\u30c8\u30ea\u30da\u30a2\u5c02\u9580\u5e97\u3001\u30ab\u30fc\u30b4\u30b7\u30b4\u30b7\u306b\u30a4\u30f3\u30bf\u30d3\u30e5\u30fc&#8221; &#8212; \u30dd\u30eb\u30b7\u30a7\u304c\u308f\u304c\u5bb6\u306b\u3084\u3063\u3066\u304d\u305f - \u30aa\u30fc\u30ca\u30fc\u30ba\u30d6\u30ed\u30b0\" src=\"https:\/\/www.panamera-life.com\/entry\/car-goshi-goshi\/embed\/#?secret=av9apBNpZw#?secret=VH1JBfhRaQ\" data-secret=\"VH1JBfhRaQ\" width=\"500\" height=\"282\" frameborder=\"0\" marginwidth=\"0\" marginheight=\"0\" scrolling=\"no\"><\/iframe><\/p>\n<h3 class=\"style3a\"><span class=\"ez-toc-section\" id=\"Nakabayashi_Kogyo_Hersteller_von_Fahrzeugabdeckungen\"><\/span>Nakabayashi Kogyo \/ Hersteller von Fahrzeugabdeckungen<span class=\"ez-toc-section-end\"><\/span><\/h3>\n<p>Traditionsreicher Hersteller von hochwertigen Abdeckungen f\u00fcr Fahrzeugkarosserien.<\/p>\n<blockquote class=\"wp-embedded-content\" data-secret=\"QqFQP9j5eF\"><p><a href=\"https:\/\/www.panamera-life.com\/entry\/nakabayashikogyo-saisun-report\/\">\u8eca\u306e\u30dc\u30c7\u30a3\u30ab\u30d0\u30fc\u30e1\u30fc\u30ab\u30fc\u306e\u4ef2\u6797\u5de5\u696d\u306b\u3001\u5b9f\u8eca\u6301\u3061\u8fbc\u307f\u3067\u30ab\u30d0\u30fc\u3092\u4f5c\u3063\u3066\u3082\u3089\u3063\u305f\uff01<\/a><\/p><\/blockquote>\n<p><iframe class=\"wp-embedded-content\" sandbox=\"allow-scripts\" security=\"restricted\" style=\"position: absolute; clip: rect(1px, 1px, 1px, 1px);\" title=\"&#8220;\u8eca\u306e\u30dc\u30c7\u30a3\u30ab\u30d0\u30fc\u30e1\u30fc\u30ab\u30fc\u306e\u4ef2\u6797\u5de5\u696d\u306b\u3001\u5b9f\u8eca\u6301\u3061\u8fbc\u307f\u3067\u30ab\u30d0\u30fc\u3092\u4f5c\u3063\u3066\u3082\u3089\u3063\u305f\uff01&#8221; &#8212; \u30dd\u30eb\u30b7\u30a7\u304c\u308f\u304c\u5bb6\u306b\u3084\u3063\u3066\u304d\u305f - \u30aa\u30fc\u30ca\u30fc\u30ba\u30d6\u30ed\u30b0\" src=\"https:\/\/www.panamera-life.com\/entry\/nakabayashikogyo-saisun-report\/embed\/#?secret=56hLrvSmw4#?secret=QqFQP9j5eF\" data-secret=\"QqFQP9j5eF\" width=\"500\" height=\"282\" frameborder=\"0\" marginwidth=\"0\" marginheight=\"0\" scrolling=\"no\"><\/iframe><\/p>\n","protected":false},"excerpt":{"rendered":"\u201eWillkommen zu Hause, PORSCHE\u201c stellt Ihnen hier empfohlene Autoh\u00e4user und Werkst\u00e4tten rund ums Auto vor. Rokko Garage \/ Ankauf, Kommissionsverkauf und Auktionsservice Spezialisiert auf den Ankauf von Porsche-Fahrzeugen, Kommissionsverkauf, Auktionsvertretung und Ummeldungen.Wenn Sie sagen, dass Sie durch den Artikel \u201eWillkommen zu Hause, PORSCHE\u201c auf uns aufmerksam geworden sind, erhalten Sie beim Kauf oder Verkauf exklusive Blog-Sonderkonditionen! \u30dd\u30eb\u30b7\u30a7\u3084BMW\u306a\u3069\u306e\u540d\u8eca\u3092\u6271\u3046\u4e2d\u53e4\u8eca\u8ca9\u58f2\u5e97\u3001\u516d\u7532\u30ac\u30ec\u30fc\u30c2\u306e\u30aa\u30fc\u30ca\u30fc\u306b\u53d6\u6750\u3057\u3066\u307f\u305f\uff01 Car Goshi Goshi \/ Scheinwerferreparatur und Rissentfernung Fachbetrieb f\u00fcr die professionelle Reparatur von Kratzern, Vergilbungen und Rissen an...","protected":false},"author":0,"featured_media":0,"parent":0,"menu_order":0,"comment_status":"closed","ping_status":"closed","template":"","meta":{"footnotes":"","_locale":"de_DE","_original_post":"https:\/\/www.panamera-life.com\/?page_id=29850"},"yoast_head":"<title>Empfohlene Autoh\u00e4user und Werkst\u00e4tten - \u30dd\u30eb\u30b7\u30a7\u304c\u308f\u304c\u5bb6\u306b\u3084\u3063\u3066\u304d\u305f - \u30aa\u30fc\u30ca\u30fc\u30ba\u30d6\u30ed\u30b0<\/title>\n<meta name=\"description\" content=\"Entdecken Sie empfohlene Autoh\u00e4user und Werkst\u00e4tten f\u00fcr Porsche Besitz, mit exklusiven Angeboten f\u00fcr Porsche kaufen und perfektem Porsche Fahrerlebnis.\" \/>\n<meta name=\"robots\" content=\"index, follow, max-snippet:-1, max-image-preview:large, max-video-preview:-1\" \/>\n<link rel=\"canonical\" href=\"https:\/\/www.panamera-life.com\/de\/shops\/\" \/>\n<meta property=\"og:locale\" content=\"de_DE\" \/>\n<meta property=\"og:type\" content=\"article\" \/>\n<meta property=\"og:title\" content=\"Empfohlene Autoh\u00e4user und Werkst\u00e4tten - \u30dd\u30eb\u30b7\u30a7\u304c\u308f\u304c\u5bb6\u306b\u3084\u3063\u3066\u304d\u305f - \u30aa\u30fc\u30ca\u30fc\u30ba\u30d6\u30ed\u30b0\" \/>\n<meta property=\"og:description\" content=\"Entdecken Sie empfohlene Autoh\u00e4user und Werkst\u00e4tten f\u00fcr Porsche Besitz, mit exklusiven Angeboten f\u00fcr Porsche kaufen und perfektem Porsche Fahrerlebnis.\" \/>\n<meta property=\"og:url\" content=\"https:\/\/www.panamera-life.com\/de\/shops\/\" \/>\n<meta property=\"og:site_name\" content=\"\u30dd\u30eb\u30b7\u30a7\u304c\u308f\u304c\u5bb6\u306b\u3084\u3063\u3066\u304d\u305f - \u30aa\u30fc\u30ca\u30fc\u30ba\u30d6\u30ed\u30b0\" \/>\n<meta property=\"article:publisher\" content=\"https:\/\/www.facebook.com\/panameralife\/\" \/>\n<meta property=\"article:modified_time\" content=\"2025-05-02T08:56:33+00:00\" \/>\n<meta name=\"twitter:label1\" content=\"Gesch\u00e4tzte Lesezeit\" \/>\n\t<meta name=\"twitter:data1\" content=\"2\u00a0Minuten\" \/>","yoast_head_json":{"title":"Empfohlene Autoh\u00e4user und Werkst\u00e4tten - \u30dd\u30eb\u30b7\u30a7\u304c\u308f\u304c\u5bb6\u306b\u3084\u3063\u3066\u304d\u305f - \u30aa\u30fc\u30ca\u30fc\u30ba\u30d6\u30ed\u30b0","description":"Entdecken Sie empfohlene Autoh\u00e4user und Werkst\u00e4tten f\u00fcr Porsche Besitz, mit exklusiven Angeboten f\u00fcr Porsche kaufen und perfektem Porsche Fahrerlebnis.","robots":{"index":"index","follow":"follow","max-snippet":"max-snippet:-1","max-image-preview":"max-image-preview:large","max-video-preview":"max-video-preview:-1"},"canonical":"https:\/\/www.panamera-life.com\/de\/shops\/","og_locale":"de_DE","og_type":"article","og_title":"Empfohlene Autoh\u00e4user und Werkst\u00e4tten - \u30dd\u30eb\u30b7\u30a7\u304c\u308f\u304c\u5bb6\u306b\u3084\u3063\u3066\u304d\u305f - \u30aa\u30fc\u30ca\u30fc\u30ba\u30d6\u30ed\u30b0","og_description":"Entdecken Sie empfohlene Autoh\u00e4user und Werkst\u00e4tten f\u00fcr Porsche Besitz, mit exklusiven Angeboten f\u00fcr Porsche kaufen und perfektem Porsche Fahrerlebnis.","og_url":"https:\/\/www.panamera-life.com\/de\/shops\/","og_site_name":"\u30dd\u30eb\u30b7\u30a7\u304c\u308f\u304c\u5bb6\u306b\u3084\u3063\u3066\u304d\u305f - \u30aa\u30fc\u30ca\u30fc\u30ba\u30d6\u30ed\u30b0","article_publisher":"https:\/\/www.facebook.com\/panameralife\/","article_modified_time":"2025-05-02T08:56:33+00:00","twitter_misc":{"Gesch\u00e4tzte Lesezeit":"2\u00a0Minuten"},"schema":{"@context":"https:\/\/schema.org","@graph":[{"@type":"WebPage","@id":"https:\/\/www.panamera-life.com\/de\/shops\/","url":"https:\/\/www.panamera-life.com\/de\/shops\/","name":"Empfohlene Autoh\u00e4user und Werkst\u00e4tten - \u30dd\u30eb\u30b7\u30a7\u304c\u308f\u304c\u5bb6\u306b\u3084\u3063\u3066\u304d\u305f - \u30aa\u30fc\u30ca\u30fc\u30ba\u30d6\u30ed\u30b0","isPartOf":{"@id":"https:\/\/www.panamera-life.com\/#website"},"datePublished":"2022-10-04T00:21:07+00:00","dateModified":"2025-05-02T08:56:33+00:00","description":"Entdecken Sie empfohlene Autoh\u00e4user und Werkst\u00e4tten f\u00fcr Porsche Besitz, mit exklusiven Angeboten f\u00fcr Porsche kaufen und perfektem Porsche Fahrerlebnis.","breadcrumb":{"@id":"https:\/\/www.panamera-life.com\/de\/shops\/#breadcrumb"},"inLanguage":"de","potentialAction":[{"@type":"ReadAction","target":["https:\/\/www.panamera-life.com\/de\/shops\/"]}]},{"@type":"BreadcrumbList","@id":"https:\/\/www.panamera-life.com\/de\/shops\/#breadcrumb","itemListElement":[{"@type":"ListItem","position":1,"name":"\u30db\u30fc\u30e0","item":"https:\/\/www.panamera-life.com\/"},{"@type":"ListItem","position":2,"name":"Empfohlene Autoh\u00e4user und Werkst\u00e4tten"}]},{"@type":"WebSite","@id":"https:\/\/www.panamera-life.com\/#website","url":"https:\/\/www.panamera-life.com\/","name":"\u30dd\u30eb\u30b7\u30a7\u304c\u308f\u304c\u5bb6\u306b\u3084\u3063\u3066\u304d\u305f - \u30aa\u30fc\u30ca\u30fc\u30ba\u30d6\u30ed\u30b0","description":"\u30dd\u30eb\u30b7\u30a7\u306b\u9b45\u4e86\u3055\u308c\u305f\u59bb\u304c\u66f8\u304f\u30dd\u30eb\u30b7\u30a7\u30d6\u30ed\u30b0\u3067\u3059\u3002\u6240\u6709\u3059\u308b\u30dd\u30eb\u30b7\u30a7 911\u30ab\u30ec\u30e9\uff08964\uff09\u3001911GT3\u3001\u30dc\u30af\u30b9\u30bf\u30fc\u3001\u30d1\u30ca\u30e1\u30fc\u30e9\u306e\u30ec\u30d3\u30e5\u30fc\u3084\u7dad\u6301\u8cbb\u3001\u30c4\u30fc\u30ea\u30f3\u30b0\u8a18\u306a\u3069\u3002\u30cb\u30e5\u30fc\u30b9\u8a18\u4e8b\u3067\u306f\u5206\u304b\u3089\u306a\u3044\u751f\u306e\u30dd\u30eb\u30b7\u30a7\u30aa\u30fc\u30ca\u30fc\u306e\u58f0\u3092\u5b9a\u671f\u914d\u4fe1\u3059\u308b\u30d6\u30ed\u30b0\u3067\u3059\u3002","publisher":{"@id":"https:\/\/www.panamera-life.com\/#organization"},"potentialAction":[{"@type":"SearchAction","target":{"@type":"EntryPoint","urlTemplate":"https:\/\/www.panamera-life.com\/?s={search_term_string}"},"query-input":{"@type":"PropertyValueSpecification","valueRequired":true,"valueName":"search_term_string"}}],"inLanguage":"de"},{"@type":"Organization","@id":"https:\/\/www.panamera-life.com\/#organization","name":"\u30dd\u30eb\u30b7\u30a7\u304c\u308f\u304c\u5bb6\u306b\u3084\u3063\u3066\u304d\u305f","url":"https:\/\/www.panamera-life.com\/","logo":{"@type":"ImageObject","inLanguage":"de","@id":"https:\/\/www.panamera-life.com\/#\/schema\/logo\/image\/","url":"https:\/\/www.panamera-life.com\/wp-content\/uploads\/2021\/05\/unnamed.jpg","contentUrl":"https:\/\/www.panamera-life.com\/wp-content\/uploads\/2021\/05\/unnamed.jpg","width":512,"height":512,"caption":"\u30dd\u30eb\u30b7\u30a7\u304c\u308f\u304c\u5bb6\u306b\u3084\u3063\u3066\u304d\u305f"},"image":{"@id":"https:\/\/www.panamera-life.com\/#\/schema\/logo\/image\/"},"sameAs":["https:\/\/www.facebook.com\/panameralife\/","https:\/\/x.com\/Mina_Panamera","https:\/\/www.instagram.com\/mina_porsche\/","https:\/\/www.youtube.com\/channel\/UCoyAW0ifcnk05Iryf7-bkhg"]}]}},"_links":{"self":[{"href":"https:\/\/www.panamera-life.com\/wp-json\/wp\/v2\/pages\/37912"}],"collection":[{"href":"https:\/\/www.panamera-life.com\/wp-json\/wp\/v2\/pages"}],"about":[{"href":"https:\/\/www.panamera-life.com\/wp-json\/wp\/v2\/types\/page"}],"replies":[{"embeddable":true,"href":"https:\/\/www.panamera-life.com\/wp-json\/wp\/v2\/comments?post=37912"}],"version-history":[{"count":0,"href":"https:\/\/www.panamera-life.com\/wp-json\/wp\/v2\/pages\/37912\/revisions"}],"wp:attachment":[{"href":"https:\/\/www.panamera-life.com\/wp-json\/wp\/v2\/media?parent=37912"}],"curies":[{"name":"wp","href":"https:\/\/api.w.org\/{rel}","templated":true}]}}