{"id":37917,"date":"2018-04-03T06:52:31","date_gmt":"2018-04-03T06:52:31","guid":{"rendered":"https:\/\/www.panamera-life.com\/?page_id=37917"},"modified":"2025-05-02T22:23:34","modified_gmt":"2025-05-02T13:23:34","slug":"about","status":"publish","type":"page","link":"https:\/\/www.panamera-life.com\/de\/about\/","title":{"rendered":"\u00dcber diesen Blog"},"content":{"rendered":"<div id=\"ez-toc-container\" class=\"ez-toc-v2_0_74 counter-hierarchy ez-toc-counter ez-toc-grey ez-toc-container-direction\">\n<div class=\"ez-toc-title-container\">\n<p class=\"ez-toc-title\" style=\"cursor:inherit\">\u30b3\u30f3\u30c6\u30f3\u30c4<\/p>\n<span class=\"ez-toc-title-toggle\"><\/span><\/div>\n<nav><ul class='ez-toc-list ez-toc-list-level-1 ' ><li class='ez-toc-page-1 ez-toc-heading-level-3'><a class=\"ez-toc-link ez-toc-heading-1\" href=\"https:\/\/www.panamera-life.com\/de\/about\/#Wer_wir_sind\" >Wer wir sind<\/a><ul class='ez-toc-list-level-4' ><li class='ez-toc-heading-level-4'><a class=\"ez-toc-link ez-toc-heading-2\" href=\"https:\/\/www.panamera-life.com\/de\/about\/#Administratorin_Bloggerin\" >Administratorin &#038; Bloggerin<\/a><ul class='ez-toc-list-level-5' ><li class='ez-toc-heading-level-5'><a class=\"ez-toc-link ez-toc-heading-3\" href=\"https:\/\/www.panamera-life.com\/de\/about\/#Mina\" >Mina<\/a><\/li><\/ul><\/li><li class='ez-toc-page-1 ez-toc-heading-level-4'><a class=\"ez-toc-link ez-toc-heading-4\" href=\"https:\/\/www.panamera-life.com\/de\/about\/#IT-Verantwortlicher_Rezensent\" >IT-Verantwortlicher &#038; Rezensent<\/a><ul class='ez-toc-list-level-5' ><li class='ez-toc-heading-level-5'><a class=\"ez-toc-link ez-toc-heading-5\" href=\"https:\/\/www.panamera-life.com\/de\/about\/#Hiro\" >Hiro<\/a><\/li><\/ul><\/li><\/ul><\/li><li class='ez-toc-page-1 ez-toc-heading-level-3'><a class=\"ez-toc-link ez-toc-heading-6\" href=\"https:\/\/www.panamera-life.com\/de\/about\/#Begruessung\" >Begr\u00fc\u00dfung<\/a><\/li><\/ul><\/nav><\/div>\n\n<h3 class=\"style3a\"><span class=\"ez-toc-section\" id=\"Wer_wir_sind\"><\/span>Wer wir sind<span class=\"ez-toc-section-end\"><\/span><\/h3>\n<h4 class=\"style4b\"><span class=\"ez-toc-section\" id=\"Administratorin_Bloggerin\"><\/span>Administratorin &#038; Bloggerin<span class=\"ez-toc-section-end\"><\/span><\/h4>\n<div class=\"p-author__box u-clearfix\">\n\t<div class=\"p-author__thumbnail\">\n\t\t<a class=\"p-author__thumbnail__link p-hover-effect--type1\" href=\"https:\/\/www.panamera-life.com\/entry\/author\/bccd0042b115a2e13169ca3aab3cfdb1d7f413b3\/\">\n\t \t<div class=\"p-hover-effect__image\">\n\t \t\t<img alt='Mina' src='https:\/\/www.panamera-life.com\/wp-content\/uploads\/2022\/04\/Mina_avatar_1650531003-260x250.jpg' class='avatar avatar-260 photo' height='260' width='260' \/><\/div><\/a>\n\t<\/div>\n    <div class=\"p-author__info\">\n    <h5 class=\"p-author__title\"><span class=\"ez-toc-section\" id=\"Mina\"><\/span>Mina<span class=\"ez-toc-section-end\"><\/span><\/h5>\n       <p class=\"p-author__desc\">\u30dd\u30eb\u30b7\u30a7\u30d6\u30ed\u30b0\u300c\u30dd\u30eb\u30b7\u30a7\u304c\u308f\u304c\u5bb6\u306b\u3084\u3063\u3066\u304d\u305f\u300d\u7ba1\u7406\u4eba\u30013\u5150\u306e\u6bcd\u3002\u6570\u5e74\u524d\u307e\u3067\u306f\u3001\u8eca\u306b\u5168\u304f\u8208\u5473\u304c\u7121\u304b\u3063\u305f\u304c\u3001\u592b\u304c\u30dd\u30eb\u30b7\u30a7\u3092\u8cb7\u3063\u3066\u304d\u305f\u3053\u3068\u3092\u304d\u3063\u304b\u3051\u306b\u30dd\u30eb\u30b7\u30a7\u306e\u7d20\u6674\u3089\u3057\u3055\u3092\u77e5\u308a\u3001\u3064\u3044\u306b\u306f\u81ea\u5206\u3067MT\u8eca\u3092\u8cfc\u5165\u3059\u308b\u306a\u3069\u3057\u3001\u73fe\u5728\u306b\u81f3\u308b\u3002 \u30d6\u30ed\u30b0\u3067\u306f\u3001\u30af\u30eb\u30de\u30aa\u30bf\u30af\u306e\u592b\u3068\u3001\u592b\u306b\u6d17\u8133\u3055\u308c\u3066\u3044\u304f\u59bb\u306e\u65e5\u5e38\u3092\u66f8\u3044\u3066\u3044\u307e\u3059\u3002<\/p>\n\n<a class=\"p-author__link\" href=\"https:\/\/www.panamera-life.com\/entry\/author\/bccd0042b115a2e13169ca3aab3cfdb1d7f413b3\/\">Profile<\/a>\n\t<\/div>\n<\/div>\n\n<h4 class=\"style4b\"><span class=\"ez-toc-section\" id=\"IT-Verantwortlicher_Rezensent\"><\/span>IT-Verantwortlicher &#038; Rezensent<span class=\"ez-toc-section-end\"><\/span><\/h4>\n<div class=\"p-author__box u-clearfix\">\n\t<div class=\"p-author__thumbnail\">\n\t\t<a class=\"p-author__thumbnail__link p-hover-effect--type1\" href=\"https:\/\/www.panamera-life.com\/entry\/author\/c7bb399fa223fc6c9329a5c90b021e13cab75400\/\">\n\t \t<div class=\"p-hover-effect__image\">\n\t \t\t<img alt='Hiro' src='https:\/\/www.panamera-life.com\/wp-content\/uploads\/2022\/04\/Hiro_avatar_1650530834-260x260.jpg' class='avatar avatar-260 photo' height='260' width='260' \/><\/div><\/a>\n\t<\/div>\n    <div class=\"p-author__info\">\n    <h5 class=\"p-author__title\"><span class=\"ez-toc-section\" id=\"Hiro\"><\/span>Hiro<span class=\"ez-toc-section-end\"><\/span><\/h5>\n       <p class=\"p-author__desc\">Mina\u306e\u592b\u3067\u3059\u3002 \u30d5\u30a1\u30c3\u30b7\u30e7\u30f3\u3084\u30b9\u30c6\u30fc\u30bf\u30b9\u30b7\u30f3\u30dc\u30eb\u306e\u305f\u3081\u306b\u30af\u30eb\u30de\u306f\u4e57\u308a\u307e\u305b\u3093\u3002 \u904b\u8ee2\u3057\u3066\u697d\u3057\u304f\u3001\u5de5\u696d\u88fd\u54c1\u3068\u3057\u3066\u512a\u308c\u3001\u4f5c\u308a\u624b\u306e\u610f\u601d\u304c\u611f\u3058\u3089\u308c\u308b\u3088\u3046\u306a\u30af\u30eb\u30de\u3092\u597d\u3093\u3067\u4e57\u308a\u307e\u3059\u3002\u9577\u8ddd\u96e2\u30c4\u30fc\u30ea\u30f3\u30b0\u3092\u3053\u3088\u306a\u304f\u611b\u3057\u3001\u300c\u30af\u30eb\u30de\u306f\u8d70\u3089\u305b\u3066\u30ca\u30f3\u30dc\u300d\u3068\u601d\u3063\u3066\u307e\u3059\u3002\u4f11\u65e5\u306b\u306f\u65e5\u672c\u5168\u56fd\u3092\u611b\u8eca\u3067\u65c5\u3057\u3066\u3044\u307e\u3059\u3002 \u30d6\u30ed\u30b0\u3067\u306f\u4e3b\u306b\u8a66\u4e57\u30ec\u30dd\u30fc\u30c8\u3084\u30c4\u30fc\u30ea\u30f3\u30b0\u8a18\u306a\u3069\u3092\u57f7\u7b46\u3057\u3066\u3044\u307e\u3059\u3002\u307e\u305f\u30d6\u30ed\u30b0\u306e\u30b7\u30b9\u30c6\u30e0\u5468\u308a\u3084\u30c1\u30e5\u30fc\u30cb\u30f3\u30b0\u306a\u3069\u3082\u62c5\u5f53\u3057\u3066\u3044\u307e\u3059\u3002<\/p>\n<a class=\"p-author__link\" href=\"https:\/\/www.panamera-life.com\/entry\/author\/c7bb399fa223fc6c9329a5c90b021e13cab75400\/\">Profile<\/a>\n\t<\/div>\n<\/div>\n\n<h3 class=\"style3a\"><span class=\"ez-toc-section\" id=\"Begruessung\"><\/span>Begr\u00fc\u00dfung<span class=\"ez-toc-section-end\"><\/span><\/h3>\n<p>Vielen Dank, dass Sie unseren Blog \u201eWillkommen zu Hause, PORSCHE\u201c besuchen. Ich hei\u00dfe Mina, bin Mutter von drei Kindern und die Betreiberin dieses Blogs. Entstanden ist dieser <strong>Porsche-Blog<\/strong> im Juni 2017 durch den Ansto\u00df meines Mannes mit den Worten: <strong>\u201eWenn du den Panamera so sehr liebst, warum startest du dann nicht einen Blog?\u201c<\/strong><\/p>\n<p>Urspr\u00fcnglich hatte ich keinerlei Interesse an Autos und hielt sie f\u00fcr \u00fcberfl\u00fcssig im Leben. Doch <strong>als mein Mann einen Boxster kaufte, entdeckte ich die Faszination Porsche f\u00fcr mich v\u00f6llig neu.<\/strong><\/p>\n<p>Heute umfasst unser Fuhrpark einen Boxster GTS (981MT), einen 911 (964C2), einen 911 Carrera 4 GTS (991.1), einen 911 Carrera Cabriolet (992.1), einen 911 Carrera T (992MT) sowie einen Mercedes-Benz GLB 200d. Durch diese Fahrzeuge habe ich erfahren, <strong>wie sehr Autos das Leben bereichern und den Alltag mit Farbe erf\u00fcllen k\u00f6nnen.<\/strong><\/p>\n<p>Der Einstieg in die Welt der Autos begann mit Porsche, doch mittlerweile fahren wir auch vermehrt Modelle anderer Import- und japanischer Hersteller.<\/p>\n<p>Dabei habe ich erkannt, dass jede Marke ihre eigenen Besonderheiten, St\u00e4rken und Vorz\u00fcge hat \u2013 was die Faszination Auto f\u00fcr mich noch tiefer macht. Ich freue mich darauf, weiterhin gemeinsam mit meinem autobegeisterten Mann und als von ihm \u201einfizierte\u201c Ehefrau unseren Alltag mit Ihnen zu teilen.<\/p>\n<p>Vielen Dank f\u00fcr Ihre Unterst\u00fctzung.<\/p>\n<p>*Detailliertere Informationen zum Blog finden Sie in unseren fr\u00fcheren Beitr\u00e4gen:*<\/p>\n<blockquote class=\"wp-embedded-content\" data-secret=\"EMO0ATrcNG\"><p><a href=\"https:\/\/www.panamera-life.com\/entry\/this-is-a-personal-blog\/\">\u300c\u3053\u306e\u30d6\u30ed\u30b0\u306f\u672c\u5f53\u306b\u500b\u4eba\u30d6\u30ed\u30b0\u306a\u306e\uff1f\u300d\u306b\u3064\u3044\u3066\u56de\u7b54\u3057\u307e\u3059\u3002<\/a><\/p><\/blockquote>\n<p><iframe class=\"wp-embedded-content\" sandbox=\"allow-scripts\" security=\"restricted\" style=\"position: absolute; clip: rect(1px, 1px, 1px, 1px);\" title=\"&#8220;\u300c\u3053\u306e\u30d6\u30ed\u30b0\u306f\u672c\u5f53\u306b\u500b\u4eba\u30d6\u30ed\u30b0\u306a\u306e\uff1f\u300d\u306b\u3064\u3044\u3066\u56de\u7b54\u3057\u307e\u3059\u3002&#8221; &#8212; \u30dd\u30eb\u30b7\u30a7\u304c\u308f\u304c\u5bb6\u306b\u3084\u3063\u3066\u304d\u305f - \u30aa\u30fc\u30ca\u30fc\u30ba\u30d6\u30ed\u30b0\" src=\"https:\/\/www.panamera-life.com\/entry\/this-is-a-personal-blog\/embed\/#?secret=GRnDWsmJFr#?secret=EMO0ATrcNG\" data-secret=\"EMO0ATrcNG\" width=\"500\" height=\"282\" frameborder=\"0\" marginwidth=\"0\" marginheight=\"0\" scrolling=\"no\"><\/iframe><\/p>\n<blockquote class=\"wp-embedded-content\" data-secret=\"kMCUE0DPrF\"><p><a href=\"https:\/\/www.panamera-life.com\/entry\/blog-concept\/\">\u3053\u306e\u30dd\u30eb\u30b7\u30a7\u30d6\u30ed\u30b0\u306e\u30b3\u30f3\u30bb\u30d7\u30c8\u3092\u6574\u7406\u3057\u3066\u307f\u305f\u2212\u30d6\u30ed\u30b0\u306e\u4e3b\u5f79\u306f\u30af\u30eb\u30de<\/a><\/p><\/blockquote>\n<p><iframe class=\"wp-embedded-content\" sandbox=\"allow-scripts\" security=\"restricted\" style=\"position: absolute; clip: rect(1px, 1px, 1px, 1px);\" title=\"&#8220;\u3053\u306e\u30dd\u30eb\u30b7\u30a7\u30d6\u30ed\u30b0\u306e\u30b3\u30f3\u30bb\u30d7\u30c8\u3092\u6574\u7406\u3057\u3066\u307f\u305f\u2212\u30d6\u30ed\u30b0\u306e\u4e3b\u5f79\u306f\u30af\u30eb\u30de&#8221; &#8212; \u30dd\u30eb\u30b7\u30a7\u304c\u308f\u304c\u5bb6\u306b\u3084\u3063\u3066\u304d\u305f - \u30aa\u30fc\u30ca\u30fc\u30ba\u30d6\u30ed\u30b0\" src=\"https:\/\/www.panamera-life.com\/entry\/blog-concept\/embed\/#?secret=sjHa5AUfa2#?secret=kMCUE0DPrF\" data-secret=\"kMCUE0DPrF\" width=\"500\" height=\"282\" frameborder=\"0\" marginwidth=\"0\" marginheight=\"0\" scrolling=\"no\"><\/iframe><\/p>\n<blockquote class=\"wp-embedded-content\" data-secret=\"aXHIDtmxIK\"><p><a href=\"https:\/\/www.panamera-life.com\/entry\/we-are-in-the-second-stage\/\">\u30dd\u30eb\u30b7\u30a7\u304c\u308f\u304c\u5bb6\u306b\u3084\u3063\u3066\u304d\u305f &#8211; \u3053\u308c\u304b\u3089\u306e\u30d6\u30ed\u30b0\u306e\u65b9\u5411\u6027\u306b\u3064\u3044\u3066\u8003\u3048\u3066\u307f\u305f<\/a><\/p><\/blockquote>\n<p><iframe class=\"wp-embedded-content\" sandbox=\"allow-scripts\" security=\"restricted\" style=\"position: absolute; clip: rect(1px, 1px, 1px, 1px);\" title=\"&#8220;\u30dd\u30eb\u30b7\u30a7\u304c\u308f\u304c\u5bb6\u306b\u3084\u3063\u3066\u304d\u305f &#8211; \u3053\u308c\u304b\u3089\u306e\u30d6\u30ed\u30b0\u306e\u65b9\u5411\u6027\u306b\u3064\u3044\u3066\u8003\u3048\u3066\u307f\u305f&#8221; &#8212; \u30dd\u30eb\u30b7\u30a7\u304c\u308f\u304c\u5bb6\u306b\u3084\u3063\u3066\u304d\u305f - \u30aa\u30fc\u30ca\u30fc\u30ba\u30d6\u30ed\u30b0\" src=\"https:\/\/www.panamera-life.com\/entry\/we-are-in-the-second-stage\/embed\/#?secret=12tipQF53r#?secret=aXHIDtmxIK\" data-secret=\"aXHIDtmxIK\" width=\"500\" height=\"282\" frameborder=\"0\" marginwidth=\"0\" marginheight=\"0\" scrolling=\"no\"><\/iframe><\/p>\n<p>Juni 2019<\/p>\n","protected":false},"excerpt":{"rendered":"\u30dd\u30eb\u30b7\u30a7\u30d6\u30ed\u30b0\u300c\u30dd\u30eb\u30b7\u30a7\u304c\u308f\u304c\u5bb6\u306b\u3084\u3063\u3066\u304d\u305f\u300d\u306e\u8aac\u660e\u30da\u30fc\u30b8\u3067\u3059\u3002\u30dd\u30eb\u30b7\u30a7\u30d6\u30ed\u30b0\u7ba1\u7406\u4eba\u306e\u81ea\u5df1\u7d39\u4ecb\u3084\u3001\u8a18\u4e8b\u3092\u66f8\u304f\u306b\u3042\u305f\u3063\u3066\u306e\u8003\u3048\u65b9\u3084\u3001\u65b9\u91dd\u3001\u65b9\u5411\u6027\u3001\u305d\u3057\u3066\u3088\u304f\u3042\u308b\u8cea\u554f\u306b\u3064\u3044\u3066\u66f8\u3044\u3066\u3044\u307e\u3059\u3002","protected":false},"author":0,"featured_media":19567,"parent":0,"menu_order":0,"comment_status":"closed","ping_status":"closed","template":"","meta":{"footnotes":"","_locale":"de_DE","_original_post":"https:\/\/www.panamera-life.com\/?page_id=334"},"yoast_head":"<title>\u00dcber diesen Blog - \u30dd\u30eb\u30b7\u30a7\u304c\u308f\u304c\u5bb6\u306b\u3084\u3063\u3066\u304d\u305f - \u30aa\u30fc\u30ca\u30fc\u30ba\u30d6\u30ed\u30b0<\/title>\n<meta name=\"description\" content=\"Der Porsche-Blog \u201eWillkommen zu Hause, PORSCHE\u201c beantwortet h\u00e4ufige Fragen zu Porsche Besitz, Porsche kaufen und dem Porsche Fahrerlebnis \u2013 pers\u00f6nlich und authentisch.\" \/>\n<meta name=\"robots\" content=\"index, follow, max-snippet:-1, max-image-preview:large, max-video-preview:-1\" \/>\n<link rel=\"canonical\" href=\"https:\/\/www.panamera-life.com\/de\/about\/\" \/>\n<meta property=\"og:locale\" content=\"de_DE\" \/>\n<meta property=\"og:type\" content=\"article\" \/>\n<meta property=\"og:title\" content=\"\u00dcber diesen Blog - \u30dd\u30eb\u30b7\u30a7\u304c\u308f\u304c\u5bb6\u306b\u3084\u3063\u3066\u304d\u305f - \u30aa\u30fc\u30ca\u30fc\u30ba\u30d6\u30ed\u30b0\" \/>\n<meta property=\"og:description\" content=\"Der Porsche-Blog \u201eWillkommen zu Hause, PORSCHE\u201c beantwortet h\u00e4ufige Fragen zu Porsche Besitz, Porsche kaufen und dem Porsche Fahrerlebnis \u2013 pers\u00f6nlich und authentisch.\" \/>\n<meta property=\"og:url\" content=\"https:\/\/www.panamera-life.com\/de\/about\/\" \/>\n<meta property=\"og:site_name\" content=\"\u30dd\u30eb\u30b7\u30a7\u304c\u308f\u304c\u5bb6\u306b\u3084\u3063\u3066\u304d\u305f - \u30aa\u30fc\u30ca\u30fc\u30ba\u30d6\u30ed\u30b0\" \/>\n<meta property=\"article:publisher\" content=\"https:\/\/www.facebook.com\/panameralife\/\" \/>\n<meta property=\"article:modified_time\" content=\"2025-05-02T13:23:34+00:00\" \/>\n<meta property=\"og:image\" content=\"https:\/\/www.panamera-life.com\/wp-content\/uploads\/2020\/08\/IMG_8720.jpg\" \/>\n\t<meta property=\"og:image:width\" content=\"1200\" \/>\n\t<meta property=\"og:image:height\" content=\"800\" \/>\n\t<meta property=\"og:image:type\" content=\"image\/jpeg\" \/>\n<meta name=\"twitter:label1\" content=\"Gesch\u00e4tzte Lesezeit\" \/>\n\t<meta name=\"twitter:data1\" content=\"3\u00a0Minuten\" \/>","yoast_head_json":{"title":"\u00dcber diesen Blog - \u30dd\u30eb\u30b7\u30a7\u304c\u308f\u304c\u5bb6\u306b\u3084\u3063\u3066\u304d\u305f - \u30aa\u30fc\u30ca\u30fc\u30ba\u30d6\u30ed\u30b0","description":"Der Porsche-Blog \u201eWillkommen zu Hause, PORSCHE\u201c beantwortet h\u00e4ufige Fragen zu Porsche Besitz, Porsche kaufen und dem Porsche Fahrerlebnis \u2013 pers\u00f6nlich und authentisch.","robots":{"index":"index","follow":"follow","max-snippet":"max-snippet:-1","max-image-preview":"max-image-preview:large","max-video-preview":"max-video-preview:-1"},"canonical":"https:\/\/www.panamera-life.com\/de\/about\/","og_locale":"de_DE","og_type":"article","og_title":"\u00dcber diesen Blog - \u30dd\u30eb\u30b7\u30a7\u304c\u308f\u304c\u5bb6\u306b\u3084\u3063\u3066\u304d\u305f - \u30aa\u30fc\u30ca\u30fc\u30ba\u30d6\u30ed\u30b0","og_description":"Der Porsche-Blog \u201eWillkommen zu Hause, PORSCHE\u201c beantwortet h\u00e4ufige Fragen zu Porsche Besitz, Porsche kaufen und dem Porsche Fahrerlebnis \u2013 pers\u00f6nlich und authentisch.","og_url":"https:\/\/www.panamera-life.com\/de\/about\/","og_site_name":"\u30dd\u30eb\u30b7\u30a7\u304c\u308f\u304c\u5bb6\u306b\u3084\u3063\u3066\u304d\u305f - \u30aa\u30fc\u30ca\u30fc\u30ba\u30d6\u30ed\u30b0","article_publisher":"https:\/\/www.facebook.com\/panameralife\/","article_modified_time":"2025-05-02T13:23:34+00:00","og_image":[{"width":1200,"height":800,"url":"https:\/\/www.panamera-life.com\/wp-content\/uploads\/2020\/08\/IMG_8720.jpg","type":"image\/jpeg"}],"twitter_misc":{"Gesch\u00e4tzte Lesezeit":"3\u00a0Minuten"},"schema":{"@context":"https:\/\/schema.org","@graph":[{"@type":"WebPage","@id":"https:\/\/www.panamera-life.com\/de\/about\/","url":"https:\/\/www.panamera-life.com\/de\/about\/","name":"\u00dcber diesen Blog - \u30dd\u30eb\u30b7\u30a7\u304c\u308f\u304c\u5bb6\u306b\u3084\u3063\u3066\u304d\u305f - \u30aa\u30fc\u30ca\u30fc\u30ba\u30d6\u30ed\u30b0","isPartOf":{"@id":"https:\/\/www.panamera-life.com\/#website"},"primaryImageOfPage":{"@id":"https:\/\/www.panamera-life.com\/de\/about\/#primaryimage"},"image":{"@id":"https:\/\/www.panamera-life.com\/de\/about\/#primaryimage"},"thumbnailUrl":"https:\/\/www.panamera-life.com\/wp-content\/uploads\/2020\/08\/IMG_8720.jpg","datePublished":"2018-04-03T06:52:31+00:00","dateModified":"2025-05-02T13:23:34+00:00","description":"Der Porsche-Blog \u201eWillkommen zu Hause, PORSCHE\u201c beantwortet h\u00e4ufige Fragen zu Porsche Besitz, Porsche kaufen und dem Porsche Fahrerlebnis \u2013 pers\u00f6nlich und authentisch.","breadcrumb":{"@id":"https:\/\/www.panamera-life.com\/de\/about\/#breadcrumb"},"inLanguage":"de","potentialAction":[{"@type":"ReadAction","target":["https:\/\/www.panamera-life.com\/de\/about\/"]}]},{"@type":"ImageObject","inLanguage":"de","@id":"https:\/\/www.panamera-life.com\/de\/about\/#primaryimage","url":"https:\/\/www.panamera-life.com\/wp-content\/uploads\/2020\/08\/IMG_8720.jpg","contentUrl":"https:\/\/www.panamera-life.com\/wp-content\/uploads\/2020\/08\/IMG_8720.jpg","width":1200,"height":800,"caption":"\u30dd\u30eb\u30b7\u30a7\u30dc\u30af\u30b9\u30bf\u30fcGTS\u3068\u30dd\u30eb\u30b7\u30a7911GT3\u30c4\u30fc\u30ea\u30f3\u30b0 | \u8eca, \u6728, \u7a7a, \u9053\u8def, \u99d0\u8eca\u5834, \u5c4b\u5916, PORSCHE, Boxster, 911, 981, 991"},{"@type":"BreadcrumbList","@id":"https:\/\/www.panamera-life.com\/de\/about\/#breadcrumb","itemListElement":[{"@type":"ListItem","position":1,"name":"\u30db\u30fc\u30e0","item":"https:\/\/www.panamera-life.com\/"},{"@type":"ListItem","position":2,"name":"\u00dcber diesen Blog"}]},{"@type":"WebSite","@id":"https:\/\/www.panamera-life.com\/#website","url":"https:\/\/www.panamera-life.com\/","name":"\u30dd\u30eb\u30b7\u30a7\u304c\u308f\u304c\u5bb6\u306b\u3084\u3063\u3066\u304d\u305f - \u30aa\u30fc\u30ca\u30fc\u30ba\u30d6\u30ed\u30b0","description":"\u30dd\u30eb\u30b7\u30a7\u306b\u9b45\u4e86\u3055\u308c\u305f\u59bb\u304c\u66f8\u304f\u30dd\u30eb\u30b7\u30a7\u30d6\u30ed\u30b0\u3067\u3059\u3002\u6240\u6709\u3059\u308b\u30dd\u30eb\u30b7\u30a7 911\u30ab\u30ec\u30e9\uff08964\uff09\u3001911GT3\u3001\u30dc\u30af\u30b9\u30bf\u30fc\u3001\u30d1\u30ca\u30e1\u30fc\u30e9\u306e\u30ec\u30d3\u30e5\u30fc\u3084\u7dad\u6301\u8cbb\u3001\u30c4\u30fc\u30ea\u30f3\u30b0\u8a18\u306a\u3069\u3002\u30cb\u30e5\u30fc\u30b9\u8a18\u4e8b\u3067\u306f\u5206\u304b\u3089\u306a\u3044\u751f\u306e\u30dd\u30eb\u30b7\u30a7\u30aa\u30fc\u30ca\u30fc\u306e\u58f0\u3092\u5b9a\u671f\u914d\u4fe1\u3059\u308b\u30d6\u30ed\u30b0\u3067\u3059\u3002","publisher":{"@id":"https:\/\/www.panamera-life.com\/#organization"},"potentialAction":[{"@type":"SearchAction","target":{"@type":"EntryPoint","urlTemplate":"https:\/\/www.panamera-life.com\/?s={search_term_string}"},"query-input":{"@type":"PropertyValueSpecification","valueRequired":true,"valueName":"search_term_string"}}],"inLanguage":"de"},{"@type":"Organization","@id":"https:\/\/www.panamera-life.com\/#organization","name":"\u30dd\u30eb\u30b7\u30a7\u304c\u308f\u304c\u5bb6\u306b\u3084\u3063\u3066\u304d\u305f","url":"https:\/\/www.panamera-life.com\/","logo":{"@type":"ImageObject","inLanguage":"de","@id":"https:\/\/www.panamera-life.com\/#\/schema\/logo\/image\/","url":"https:\/\/www.panamera-life.com\/wp-content\/uploads\/2021\/05\/unnamed.jpg","contentUrl":"https:\/\/www.panamera-life.com\/wp-content\/uploads\/2021\/05\/unnamed.jpg","width":512,"height":512,"caption":"\u30dd\u30eb\u30b7\u30a7\u304c\u308f\u304c\u5bb6\u306b\u3084\u3063\u3066\u304d\u305f"},"image":{"@id":"https:\/\/www.panamera-life.com\/#\/schema\/logo\/image\/"},"sameAs":["https:\/\/www.facebook.com\/panameralife\/","https:\/\/x.com\/Mina_Panamera","https:\/\/www.instagram.com\/mina_porsche\/","https:\/\/www.youtube.com\/channel\/UCoyAW0ifcnk05Iryf7-bkhg"]}]}},"_links":{"self":[{"href":"https:\/\/www.panamera-life.com\/wp-json\/wp\/v2\/pages\/37917"}],"collection":[{"href":"https:\/\/www.panamera-life.com\/wp-json\/wp\/v2\/pages"}],"about":[{"href":"https:\/\/www.panamera-life.com\/wp-json\/wp\/v2\/types\/page"}],"replies":[{"embeddable":true,"href":"https:\/\/www.panamera-life.com\/wp-json\/wp\/v2\/comments?post=37917"}],"version-history":[{"count":0,"href":"https:\/\/www.panamera-life.com\/wp-json\/wp\/v2\/pages\/37917\/revisions"}],"wp:featuredmedia":[{"embeddable":true,"href":"https:\/\/www.panamera-life.com\/wp-json\/wp\/v2\/media\/19567"}],"wp:attachment":[{"href":"https:\/\/www.panamera-life.com\/wp-json\/wp\/v2\/media?parent=37917"}],"curies":[{"name":"wp","href":"https:\/\/api.w.org\/{rel}","templated":true}]}}